{"id":9391,"date":"2026-03-11T16:02:58","date_gmt":"2026-03-11T15:02:58","guid":{"rendered":"https:\/\/www.revue-recherches.fr\/?page_id=9391"},"modified":"2026-03-11T16:31:37","modified_gmt":"2026-03-11T15:31:37","slug":"liens-favoris-2-2","status":"publish","type":"page","link":"https:\/\/www.revue-recherches.fr\/?page_id=9391","title":{"rendered":"Ressources"},"content":{"rendered":"<p>Vous trouverez sur cette page des ressources afin de faciliter vos recherches au sein de nos num\u00e9ros.<\/p>\n<p>Vous \u00eates enseignant.e ou futur.e enseignant.e dans le 1er degr\u00e9 ?<br \/>\nD\u00e9couvrez dans<a href=\"https:\/\/www.revue-recherches.fr\/wp-content\/uploads\/2026\/03\/Livret-1er-degre-MAJ-2025.pdf\" target=\"_blank\" rel=\"noopener\"> notre livret<\/a> les articles d\u00e9di\u00e9s \u00e0 vos niveaux d&rsquo;enseignement par num\u00e9ro.<\/p>\n<p>A venir : le livre th\u00e9matique pour le 2nd degr\u00e9.<\/p>\n","protected":false},"excerpt":{"rendered":"<p>Vous trouverez sur cette page des ressources afin de faciliter vos recherches au sein de nos num\u00e9ros. Vous \u00eates enseignant.e ou futur.e enseignant.e dans le 1er degr\u00e9 ? D\u00e9couvrez dans notre livret les articles d\u00e9di\u00e9s \u00e0 vos niveaux d&rsquo;enseignement par num\u00e9ro. A venir : le livre th\u00e9matique pour le 2nd degr\u00e9.<\/p>\n","protected":false},"author":19,"featured_media":0,"parent":0,"menu_order":0,"comment_status":"closed","ping_status":"closed","template":"","meta":[],"_links":{"self":[{"href":"https:\/\/www.revue-recherches.fr\/index.php?rest_route=\/wp\/v2\/pages\/9391"}],"collection":[{"href":"https:\/\/www.revue-recherches.fr\/index.php?rest_route=\/wp\/v2\/pages"}],"about":[{"href":"https:\/\/www.revue-recherches.fr\/index.php?rest_route=\/wp\/v2\/types\/page"}],"author":[{"embeddable":true,"href":"https:\/\/www.revue-recherches.fr\/index.php?rest_route=\/wp\/v2\/users\/19"}],"replies":[{"embeddable":true,"href":"https:\/\/www.revue-recherches.fr\/index.php?rest_route=%2Fwp%2Fv2%2Fcomments&post=9391"}],"version-history":[{"count":5,"href":"https:\/\/www.revue-recherches.fr\/index.php?rest_route=\/wp\/v2\/pages\/9391\/revisions"}],"predecessor-version":[{"id":9404,"href":"https:\/\/www.revue-recherches.fr\/index.php?rest_route=\/wp\/v2\/pages\/9391\/revisions\/9404"}],"wp:attachment":[{"href":"https:\/\/www.revue-recherches.fr\/index.php?rest_route=%2Fwp%2Fv2%2Fmedia&parent=9391"}],"curies":[{"name":"wp","href":"https:\/\/api.w.org\/{rel}","templated":true}]}}