{"id":788,"date":"2014-10-27T12:24:28","date_gmt":"2014-10-27T11:24:28","guid":{"rendered":"http:\/\/www.revue-recherches.fr\/?page_id=788"},"modified":"2023-10-08T17:47:42","modified_gmt":"2023-10-08T15:47:42","slug":"acheter-un-numero","status":"publish","type":"page","link":"https:\/\/www.revue-recherches.fr\/?page_id=788","title":{"rendered":"Acheter un num\u00e9ro"},"content":{"rendered":"<p class=\"\">\u00c0 partir du num\u00e9ro 51, les commandes doivent \u00eatre faites aux <a href=\"http:\/\/www.septentrion.com\/fr\/revues\/recherches\/\" target=\"_blank\" rel=\"noopener noreferrer\">Presses Universitaires du Septentrion<\/a>.<\/p>\r\n<p class=\"\">Pour les num\u00e9ros ant\u00e9rieurs, consultez <a href=\"http:\/\/www.revue-recherches.fr\/wp-content\/uploads\/2019\/06\/num-dispo-juin-2019.pdf\" target=\"_blank\" rel=\"noopener noreferrer\">la liste des num\u00e9ros disponibles<\/a>, et voyez si l\u2019offre 4 num\u00e9ros pour 25 euros port compris vous int\u00e9resse ! Dans ce cas, ou si vous ne voulez commander qu&rsquo;un num\u00e9ro, utilisez <a href=\"https:\/\/www.revue-recherches.fr\/wp-content\/uploads\/2023\/10\/Bon-de-commande-au-numero-site.pdf\" target=\"_blank\" rel=\"noopener noreferrer\">ce bon de commande<\/a>.<\/p>\r\n<div class=\"remark\">Vous souhaitez obtenir un renseignement concernant les achats au num\u00e9ro ? \u00c9crivez-nous \u00e0 l&rsquo;adresse suivante : <a href=\"mailto:revue.recherches@laposte.net\" target=\"_self\" rel=\"noopener noreferrer\">revue.recherches@laposte.net<\/a><\/div>\r\n<div>\u00a0<\/div>\r\n<div class=\"\">Un bon moyen de nous aider : <a href=\"http:\/\/www.revue-recherches.fr\/?page_id=5764\" target=\"_blank\" rel=\"noopener noreferrer\">l&rsquo;abonnement<\/a> !<\/div>\r\n\r\n<p>&nbsp;<\/p>\r\n","protected":false},"excerpt":{"rendered":"<p>\u00c0 partir du num\u00e9ro 51, les commandes doivent \u00eatre faites aux Presses Universitaires du Septentrion. Pour les num\u00e9ros ant\u00e9rieurs, consultez la liste des num\u00e9ros disponibles, et voyez si l\u2019offre 4 num\u00e9ros pour 25 euros port compris vous int\u00e9resse ! Dans ce cas, ou si vous ne voulez commander qu&rsquo;un num\u00e9ro, utilisez ce bon de commande. &hellip; <a href=\"https:\/\/www.revue-recherches.fr\/?page_id=788\" class=\"more-link\">Continuer la lecture de <span class=\"screen-reader-text\">Acheter un num\u00e9ro<\/span> <span class=\"meta-nav\">&rarr;<\/span><\/a><\/p>\n","protected":false},"author":2,"featured_media":0,"parent":0,"menu_order":0,"comment_status":"closed","ping_status":"open","template":"","meta":[],"_links":{"self":[{"href":"https:\/\/www.revue-recherches.fr\/index.php?rest_route=\/wp\/v2\/pages\/788"}],"collection":[{"href":"https:\/\/www.revue-recherches.fr\/index.php?rest_route=\/wp\/v2\/pages"}],"about":[{"href":"https:\/\/www.revue-recherches.fr\/index.php?rest_route=\/wp\/v2\/types\/page"}],"author":[{"embeddable":true,"href":"https:\/\/www.revue-recherches.fr\/index.php?rest_route=\/wp\/v2\/users\/2"}],"replies":[{"embeddable":true,"href":"https:\/\/www.revue-recherches.fr\/index.php?rest_route=%2Fwp%2Fv2%2Fcomments&post=788"}],"version-history":[{"count":23,"href":"https:\/\/www.revue-recherches.fr\/index.php?rest_route=\/wp\/v2\/pages\/788\/revisions"}],"predecessor-version":[{"id":8770,"href":"https:\/\/www.revue-recherches.fr\/index.php?rest_route=\/wp\/v2\/pages\/788\/revisions\/8770"}],"wp:attachment":[{"href":"https:\/\/www.revue-recherches.fr\/index.php?rest_route=%2Fwp%2Fv2%2Fmedia&parent=788"}],"curies":[{"name":"wp","href":"https:\/\/api.w.org\/{rel}","templated":true}]}}