{"id":5764,"date":"2019-05-14T16:18:34","date_gmt":"2019-05-14T14:18:34","guid":{"rendered":"http:\/\/www.revue-recherches.fr\/?page_id=5764"},"modified":"2026-01-26T09:15:19","modified_gmt":"2026-01-26T08:15:19","slug":"sabonner-2","status":"publish","type":"page","link":"https:\/\/www.revue-recherches.fr\/?page_id=5764","title":{"rendered":"S&rsquo;abonner"},"content":{"rendered":"\r\n<p>Vous connaissez la revue <em>Recherches <\/em>mais n\u2019avez jamais pris le temps de vous abonner\u00a0? Ou vous avez \u00e9t\u00e9 abonn\u00e9.e \u00e0 la revue mais vous avez oubli\u00e9 de renouveler\u00a0votre abonnement ? Nous sommes d\u00e9sol\u00e9s de ne pas\/plus vous compter parmi nos lecteurs et lectrices. \u00a0Nous vous informons de la toute prochaine parution du n\u00b0 82 (<em>Litt\u00e9ratures<\/em>) et de la pr\u00e9paration des num\u00e9ros suivants, les n\u00b083 <em>(Adapter<\/em>), n\u00b084 (<em>Penser la langue<\/em>) et n\u00b085 (<em>Raconter<\/em>).<\/p>\r\n<p><em>Recherches<\/em> est une revue associative port\u00e9e par un comit\u00e9 de b\u00e9n\u00e9voles qui, depuis 1984, d\u00e9pend de ses abonn\u00e9\u00b7es pour proposer un contenu toujours plus diversifi\u00e9 et r\u00e9flexif sur les enjeux didactiques et p\u00e9dagogiques de l\u2019enseignement du fran\u00e7ais (de la maternelle au sup\u00e9rieur, en passant par l\u2019enseignement sp\u00e9cialis\u00e9). Nous esp\u00e9rons donc pouvoir compter sur votre abonnement pour poursuivre cette aventure coll\u00e9giale qui allie pratiques et recherches dans le but de soutenir la r\u00e9flexivit\u00e9 professionnelle de tous et toutes.<\/p>\r\n<p>Vous \u00eates d\u00e9j\u00e0 abonn\u00e9\u00a0: pensez \u00e0 demander \u00e0 votre institution, votre centre de documentation de le faire.<\/p>\r\n<p>T\u00e9l\u00e9chargez <a href=\"https:\/\/www.revue-recherches.fr\/wp-content\/uploads\/2025\/11\/Bon-dabonnement-site-15_11_25.pdf\" target=\"_blank\" rel=\"noopener\">le bulletin d&rsquo;abonnement<\/a>.\u00a0<\/p>\r\n\r\n\r\n\r\n<figure class=\"wp-block-table\">\r\n<table>\r\n<tbody>\r\n<tr>\r\n<td>\u00a0<\/td>\r\n<td>2 num\u00e9ros<\/td>\r\n<td>4 num\u00e9ros<\/td>\r\n<\/tr>\r\n<tr>\r\n<td>France<\/td>\r\n<td>45 \u20ac<\/td>\r\n<td>80 \u20ac<\/td>\r\n<\/tr>\r\n<tr>\r\n<td>Hors m\u00e9tropole<\/td>\r\n<td>70 \u20ac<\/td>\r\n<td>100 \u20ac<\/td>\r\n<\/tr>\r\n<\/tbody>\r\n<\/table>\r\n<\/figure>\r\n\r\n\r\n\r\n<p>&nbsp;<\/p>\r\n<p><em>Vous souhaitez obtenir un renseignement au sujet des abonnements ? <\/em><br \/><em><a href=\"mailto:revue.recherches@laposte.net\" target=\"_blank\" rel=\"noreferrer noopener\">Ecrivez-nous<\/a>.<\/em><\/p>\r\n\r\n\r\n\r\n<p>&nbsp;<\/p>\r\n","protected":false},"excerpt":{"rendered":"<p>Vous connaissez la revue Recherches mais n\u2019avez jamais pris le temps de vous abonner\u00a0? Ou vous avez \u00e9t\u00e9 abonn\u00e9.e \u00e0 la revue mais vous avez oubli\u00e9 de renouveler\u00a0votre abonnement ? Nous sommes d\u00e9sol\u00e9s de ne pas\/plus vous compter parmi nos lecteurs et lectrices. \u00a0Nous vous informons de la toute prochaine parution du n\u00b0 82 (Litt\u00e9ratures) &hellip; <a href=\"https:\/\/www.revue-recherches.fr\/?page_id=5764\" class=\"more-link\">Continuer la lecture de <span class=\"screen-reader-text\">S&rsquo;abonner<\/span> <span class=\"meta-nav\">&rarr;<\/span><\/a><\/p>\n","protected":false},"author":3,"featured_media":0,"parent":0,"menu_order":0,"comment_status":"closed","ping_status":"open","template":"","meta":[],"_links":{"self":[{"href":"https:\/\/www.revue-recherches.fr\/index.php?rest_route=\/wp\/v2\/pages\/5764"}],"collection":[{"href":"https:\/\/www.revue-recherches.fr\/index.php?rest_route=\/wp\/v2\/pages"}],"about":[{"href":"https:\/\/www.revue-recherches.fr\/index.php?rest_route=\/wp\/v2\/types\/page"}],"author":[{"embeddable":true,"href":"https:\/\/www.revue-recherches.fr\/index.php?rest_route=\/wp\/v2\/users\/3"}],"replies":[{"embeddable":true,"href":"https:\/\/www.revue-recherches.fr\/index.php?rest_route=%2Fwp%2Fv2%2Fcomments&post=5764"}],"version-history":[{"count":33,"href":"https:\/\/www.revue-recherches.fr\/index.php?rest_route=\/wp\/v2\/pages\/5764\/revisions"}],"predecessor-version":[{"id":9382,"href":"https:\/\/www.revue-recherches.fr\/index.php?rest_route=\/wp\/v2\/pages\/5764\/revisions\/9382"}],"wp:attachment":[{"href":"https:\/\/www.revue-recherches.fr\/index.php?rest_route=%2Fwp%2Fv2%2Fmedia&parent=5764"}],"curies":[{"name":"wp","href":"https:\/\/api.w.org\/{rel}","templated":true}]}}