{"id":3546,"date":"2017-06-22T11:39:23","date_gmt":"2017-06-22T09:39:23","guid":{"rendered":"http:\/\/www.revue-recherches.fr\/?page_id=3546"},"modified":"2024-05-27T11:42:13","modified_gmt":"2024-05-27T09:42:13","slug":"supplements-en-ligne-archives-2","status":"publish","type":"page","link":"https:\/\/www.revue-recherches.fr\/?page_id=3546","title":{"rendered":"Le blog des actualit\u00e9s \u00e9ditoriales"},"content":{"rendered":"\r\n<h2><a href=\"https:\/\/www.revue-recherches.fr\/?p=8888\" target=\"_blank\" rel=\"noopener\">2024<\/a><\/h2>\r\n<p><a href=\"https:\/\/www.revue-recherches.fr\/?p=8888\"><img loading=\"lazy\" class=\"aligncenter wp-image-8961 size-full\" src=\"https:\/\/www.revue-recherches.fr\/wp-content\/uploads\/2024\/05\/Coups-de-coeur-2024-scaled.jpg\" alt=\"\" width=\"2560\" height=\"1920\" srcset=\"https:\/\/www.revue-recherches.fr\/wp-content\/uploads\/2024\/05\/Coups-de-coeur-2024-scaled.jpg 2560w, https:\/\/www.revue-recherches.fr\/wp-content\/uploads\/2024\/05\/Coups-de-coeur-2024-300x225.jpg 300w, https:\/\/www.revue-recherches.fr\/wp-content\/uploads\/2024\/05\/Coups-de-coeur-2024-1024x768.jpg 1024w, https:\/\/www.revue-recherches.fr\/wp-content\/uploads\/2024\/05\/Coups-de-coeur-2024-1536x1152.jpg 1536w, https:\/\/www.revue-recherches.fr\/wp-content\/uploads\/2024\/05\/Coups-de-coeur-2024-2048x1536.jpg 2048w\" sizes=\"(max-width: 2560px) 100vw, 2560px\" \/><\/a><\/p>\r\n<h2><a href=\"https:\/\/www.revue-recherches.fr\/?p=8550\" target=\"_blank\" rel=\"noreferrer noopener\">2023<\/a><\/h2>\r\n<h2>\r\n\r\n<\/h2>\r\n<figure class=\"wp-block-image size-large\"><a href=\"https:\/\/www.revue-recherches.fr\/?p=8550\"><img loading=\"lazy\" class=\"alignnone wp-image-8626 size-full\" src=\"https:\/\/www.revue-recherches.fr\/wp-content\/uploads\/2023\/04\/mosaique-scaled.jpg\" alt=\"\" width=\"2560\" height=\"1920\" srcset=\"https:\/\/www.revue-recherches.fr\/wp-content\/uploads\/2023\/04\/mosaique-scaled.jpg 2560w, https:\/\/www.revue-recherches.fr\/wp-content\/uploads\/2023\/04\/mosaique-300x225.jpg 300w, https:\/\/www.revue-recherches.fr\/wp-content\/uploads\/2023\/04\/mosaique-1024x768.jpg 1024w, https:\/\/www.revue-recherches.fr\/wp-content\/uploads\/2023\/04\/mosaique-1536x1152.jpg 1536w, https:\/\/www.revue-recherches.fr\/wp-content\/uploads\/2023\/04\/mosaique-2048x1536.jpg 2048w\" sizes=\"(max-width: 2560px) 100vw, 2560px\" \/><\/a><\/figure>\r\n<h2><a href=\"https:\/\/www.revue-recherches.fr\/?p=8050\" target=\"_blank\" rel=\"noreferrer noopener\">2022<\/a><\/h2>\r\n\r\n\r\n\r\n<figure class=\"wp-block-image size-large\"><a href=\"https:\/\/www.revue-recherches.fr\/?p=8050\" target=\"_blank\" rel=\"noreferrer noopener\"><img loading=\"lazy\" class=\"alignnone wp-image-8204 size-full\" src=\"https:\/\/www.revue-recherches.fr\/wp-content\/uploads\/2022\/08\/coups-de-coeur-221-scaled-e1681836477826.jpg\" alt=\"\" width=\"1024\" height=\"768\" srcset=\"https:\/\/www.revue-recherches.fr\/wp-content\/uploads\/2022\/08\/coups-de-coeur-221-scaled-e1681836477826.jpg 1024w, https:\/\/www.revue-recherches.fr\/wp-content\/uploads\/2022\/08\/coups-de-coeur-221-scaled-e1681836477826-300x225.jpg 300w\" sizes=\"(max-width: 1024px) 100vw, 1024px\" \/><\/a><\/figure>\r\n\r\n\r\n\r\n<h2><a href=\"https:\/\/www.revue-recherches.fr\/?p=7724\" target=\"_blank\" rel=\"noreferrer noopener\">2021<\/a><\/h2>\r\n\r\n\r\n\r\n<figure class=\"wp-block-image size-large\"><img loading=\"lazy\" class=\"alignnone wp-image-8616 size-full\" src=\"https:\/\/www.revue-recherches.fr\/wp-content\/uploads\/2023\/04\/2021-08-19-scaled-e1681836761361.jpg\" alt=\"\" width=\"1024\" height=\"768\" srcset=\"https:\/\/www.revue-recherches.fr\/wp-content\/uploads\/2023\/04\/2021-08-19-scaled-e1681836761361.jpg 1024w, https:\/\/www.revue-recherches.fr\/wp-content\/uploads\/2023\/04\/2021-08-19-scaled-e1681836761361-300x225.jpg 300w\" sizes=\"(max-width: 1024px) 100vw, 1024px\" \/><\/figure>\r\n\r\n\r\n\r\n<h2><a href=\"https:\/\/www.revue-recherches.fr\/?p=7132\" target=\"_blank\" rel=\"noreferrer noopener\">2020<\/a><\/h2>\r\n\r\n\r\n\r\n<figure class=\"wp-block-image size-large\"><a href=\"http:\/\/www.revue-recherches.fr\/?p=7132\" target=\"_blank\" rel=\"noopener noreferrer\"><img loading=\"lazy\" width=\"1024\" height=\"768\" class=\"wp-image-7193\" src=\"https:\/\/www.revue-recherches.fr\/wp-content\/uploads\/2020\/10\/montage-aout-2020-1024x768.jpg\" alt=\"\" srcset=\"https:\/\/www.revue-recherches.fr\/wp-content\/uploads\/2020\/10\/montage-aout-2020-1024x768.jpg 1024w, https:\/\/www.revue-recherches.fr\/wp-content\/uploads\/2020\/10\/montage-aout-2020-300x225.jpg 300w, https:\/\/www.revue-recherches.fr\/wp-content\/uploads\/2020\/10\/montage-aout-2020-1536x1152.jpg 1536w, https:\/\/www.revue-recherches.fr\/wp-content\/uploads\/2020\/10\/montage-aout-2020-2048x1536.jpg 2048w\" sizes=\"(max-width: 1024px) 100vw, 1024px\" \/><\/a><\/figure>\r\n\r\n\r\n\r\n<h2><a href=\"http:\/\/www.revue-recherches.fr\/?p=6303\" target=\"_blank\" rel=\"noreferrer noopener\" aria-label=\"Hiver 2019-2020 (s\u2019ouvre dans un nouvel onglet)\">Hiver 2019-2020<\/a><\/h2>\r\n\r\n\r\n\r\n<figure class=\"wp-block-image size-large\"><a href=\"http:\/\/www.revue-recherches.fr\/?p=6303\" target=\"_blank\" rel=\"noreferrer noopener\"><img loading=\"lazy\" width=\"1024\" height=\"768\" class=\"wp-image-6385\" src=\"http:\/\/www.revue-recherches.fr\/wp-content\/uploads\/2020\/01\/hiver-2019-2020-1024x768.jpg\" alt=\"\" srcset=\"https:\/\/www.revue-recherches.fr\/wp-content\/uploads\/2020\/01\/hiver-2019-2020-1024x768.jpg 1024w, https:\/\/www.revue-recherches.fr\/wp-content\/uploads\/2020\/01\/hiver-2019-2020-300x225.jpg 300w, https:\/\/www.revue-recherches.fr\/wp-content\/uploads\/2020\/01\/hiver-2019-2020-1536x1152.jpg 1536w, https:\/\/www.revue-recherches.fr\/wp-content\/uploads\/2020\/01\/hiver-2019-2020-2048x1536.jpg 2048w, https:\/\/www.revue-recherches.fr\/wp-content\/uploads\/2020\/01\/hiver-2019-2020-1320x990.jpg 1320w\" sizes=\"(max-width: 1024px) 100vw, 1024px\" \/><\/a><\/figure>\r\n\r\n\r\n\r\n<h2><a href=\"http:\/\/www.revue-recherches.fr\/?p=6000\" target=\"_blank\" rel=\"noreferrer noopener\" aria-label=\"Printemps-\u00e9t\u00e9 2019 (s\u2019ouvre dans un nouvel onglet)\">Printemps-\u00e9t\u00e9 2019<\/a><\/h2>\r\n\r\n\r\n\r\n<figure class=\"wp-block-image\"><a href=\"http:\/\/www.revue-recherches.fr\/?p=6000\" target=\"_blank\" rel=\"noreferrer noopener\"><img loading=\"lazy\" width=\"1024\" height=\"768\" class=\"wp-image-6046\" src=\"http:\/\/www.revue-recherches.fr\/wp-content\/uploads\/2019\/06\/Printemps-2019-1024x768.jpg\" alt=\"\" srcset=\"https:\/\/www.revue-recherches.fr\/wp-content\/uploads\/2019\/06\/Printemps-2019-1024x768.jpg 1024w, https:\/\/www.revue-recherches.fr\/wp-content\/uploads\/2019\/06\/Printemps-2019-300x225.jpg 300w, https:\/\/www.revue-recherches.fr\/wp-content\/uploads\/2019\/06\/Printemps-2019-1320x990.jpg 1320w\" sizes=\"(max-width: 1024px) 100vw, 1024px\" \/><\/a><\/figure>\r\n\r\n\r\n\r\n<h2><a href=\"http:\/\/www.revue-recherches.fr\/?p=5570\" target=\"_blank\" rel=\"noreferrer noopener\" aria-label=\" (s\u2019ouvre dans un nouvel onglet)\">Hiver 2018-2019<\/a><\/h2>\r\n\r\n\r\n\r\n<figure class=\"wp-block-image\"><a href=\"http:\/\/www.revue-recherches.fr\/?p=5570\" target=\"_blank\" rel=\"noreferrer noopener\"><img loading=\"lazy\" width=\"1024\" height=\"640\" class=\"wp-image-5668\" src=\"http:\/\/www.revue-recherches.fr\/wp-content\/uploads\/2019\/01\/Montages-1024x640.jpg\" alt=\"\" srcset=\"https:\/\/www.revue-recherches.fr\/wp-content\/uploads\/2019\/01\/Montages-1024x640.jpg 1024w, https:\/\/www.revue-recherches.fr\/wp-content\/uploads\/2019\/01\/Montages-300x188.jpg 300w, https:\/\/www.revue-recherches.fr\/wp-content\/uploads\/2019\/01\/Montages-1320x825.jpg 1320w\" sizes=\"(max-width: 1024px) 100vw, 1024px\" \/><\/a><\/figure>\r\n\r\n\r\n\r\n<h2><a href=\"http:\/\/www.revue-recherches.fr\/?p=5142\" target=\"_blank\" rel=\"noopener noreferrer\">Printemps-\u00e9t\u00e9 2018<\/a><\/h2>\r\n\r\n\r\n<div class=\"wp-block-image\">\r\n<figure class=\"aligncenter\"><a href=\"http:\/\/www.revue-recherches.fr\/?p=5142\" target=\"_blank\" rel=\"noopener noreferrer\"><img loading=\"lazy\" width=\"1024\" height=\"576\" class=\"wp-image-5224\" src=\"http:\/\/www.revue-recherches.fr\/wp-content\/uploads\/2018\/10\/litt-jeun-68-1024x576.jpg\" alt=\"\" srcset=\"https:\/\/www.revue-recherches.fr\/wp-content\/uploads\/2018\/10\/litt-jeun-68-1024x576.jpg 1024w, https:\/\/www.revue-recherches.fr\/wp-content\/uploads\/2018\/10\/litt-jeun-68-300x169.jpg 300w, https:\/\/www.revue-recherches.fr\/wp-content\/uploads\/2018\/10\/litt-jeun-68-1320x743.jpg 1320w\" sizes=\"(max-width: 1024px) 100vw, 1024px\" \/><\/a><\/figure><\/div>\r\n\r\n\r\n<h2><a href=\"http:\/\/www.revue-recherches.fr\/?p=3652\" target=\"_blank\" rel=\"noopener noreferrer\">Automne-Hiver 2017<\/a><\/h2>\r\n\r\n\r\n\r\n<figure class=\"wp-block-image size-large\"><a href=\"http:\/\/www.revue-recherches.fr\/?p=3652\" target=\"_blank\" rel=\"noopener noreferrer\"><img loading=\"lazy\" width=\"1024\" height=\"768\" class=\"wp-image-7029\" src=\"http:\/\/www.revue-recherches.fr\/wp-content\/uploads\/2020\/09\/autom-hiv-2017-1024x768.jpg\" alt=\"\" srcset=\"https:\/\/www.revue-recherches.fr\/wp-content\/uploads\/2020\/09\/autom-hiv-2017-1024x768.jpg 1024w, https:\/\/www.revue-recherches.fr\/wp-content\/uploads\/2020\/09\/autom-hiv-2017-300x225.jpg 300w, https:\/\/www.revue-recherches.fr\/wp-content\/uploads\/2020\/09\/autom-hiv-2017-1536x1152.jpg 1536w, https:\/\/www.revue-recherches.fr\/wp-content\/uploads\/2020\/09\/autom-hiv-2017-2048x1536.jpg 2048w\" sizes=\"(max-width: 1024px) 100vw, 1024px\" \/><\/a><\/figure>\r\n\r\n\r\n\r\n<h2><a href=\"http:\/\/www.revue-recherches.fr\/?p=3499\" target=\"_blank\" rel=\"noopener noreferrer\">Printemps-\u00e9t\u00e9 2017<\/a><\/h2>\r\n\r\n\r\n<div class=\"wp-block-image\">\r\n<figure class=\"aligncenter size-large\"><a href=\"http:\/\/www.revue-recherches.fr\/?p=3499\" target=\"_blank\" rel=\"noopener noreferrer\"><img loading=\"lazy\" width=\"1024\" height=\"768\" class=\"wp-image-6973\" src=\"http:\/\/www.revue-recherches.fr\/wp-content\/uploads\/2020\/08\/prtps-2017-1024x768.jpg\" alt=\"\" srcset=\"https:\/\/www.revue-recherches.fr\/wp-content\/uploads\/2020\/08\/prtps-2017-1024x768.jpg 1024w, https:\/\/www.revue-recherches.fr\/wp-content\/uploads\/2020\/08\/prtps-2017-300x225.jpg 300w, https:\/\/www.revue-recherches.fr\/wp-content\/uploads\/2020\/08\/prtps-2017-1536x1152.jpg 1536w, https:\/\/www.revue-recherches.fr\/wp-content\/uploads\/2020\/08\/prtps-2017-2048x1536.jpg 2048w\" sizes=\"(max-width: 1024px) 100vw, 1024px\" \/><\/a><\/figure><\/div>\r\n\r\n\r\n<h2><a href=\"http:\/\/www.revue-recherches.fr\/?p=2762\">Automne-Hiver 2016<\/a><\/h2>\r\n\r\n\r\n<div class=\"wp-block-image\">\r\n<figure class=\"aligncenter size-large\"><a href=\"http:\/\/www.revue-recherches.fr\/?p=2762\"><img loading=\"lazy\" width=\"1024\" height=\"768\" class=\"wp-image-6923\" src=\"http:\/\/www.revue-recherches.fr\/wp-content\/uploads\/2020\/08\/automne-hiver-2016-1024x768.jpg\" alt=\"\" srcset=\"https:\/\/www.revue-recherches.fr\/wp-content\/uploads\/2020\/08\/automne-hiver-2016-1024x768.jpg 1024w, https:\/\/www.revue-recherches.fr\/wp-content\/uploads\/2020\/08\/automne-hiver-2016-300x225.jpg 300w, https:\/\/www.revue-recherches.fr\/wp-content\/uploads\/2020\/08\/automne-hiver-2016-1536x1152.jpg 1536w, https:\/\/www.revue-recherches.fr\/wp-content\/uploads\/2020\/08\/automne-hiver-2016-2048x1536.jpg 2048w\" sizes=\"(max-width: 1024px) 100vw, 1024px\" \/><\/a><\/figure><\/div>\r\n\r\n\r\n<h2><a href=\"http:\/\/www.revue-recherches.fr\/?p=2445\">Printemps-\u00e9t\u00e9 2016<\/a><\/h2>\r\n\r\n\r\n\r\n<figure class=\"wp-block-image size-large\"><a href=\"http:\/\/www.revue-recherches.fr\/?p=2445\"><img loading=\"lazy\" width=\"1024\" height=\"768\" class=\"wp-image-6844\" src=\"http:\/\/www.revue-recherches.fr\/wp-content\/uploads\/2020\/08\/printemps-20161-1024x768.jpg\" alt=\"\" srcset=\"https:\/\/www.revue-recherches.fr\/wp-content\/uploads\/2020\/08\/printemps-20161-1024x768.jpg 1024w, https:\/\/www.revue-recherches.fr\/wp-content\/uploads\/2020\/08\/printemps-20161-300x225.jpg 300w, https:\/\/www.revue-recherches.fr\/wp-content\/uploads\/2020\/08\/printemps-20161-1536x1152.jpg 1536w, https:\/\/www.revue-recherches.fr\/wp-content\/uploads\/2020\/08\/printemps-20161-2048x1536.jpg 2048w\" sizes=\"(max-width: 1024px) 100vw, 1024px\" \/><\/a><\/figure>\r\n\r\n\r\n\r\n<h2><a href=\"http:\/\/www.revue-recherches.fr\/?p=1814\" target=\"_blank\" rel=\"noopener noreferrer\">Automne-hiver 2015<\/a><\/h2>\r\n\r\n\r\n\r\n<figure class=\"wp-block-image\"><a href=\"http:\/\/www.revue-recherches.fr\/?p=1814\" target=\"_blank\" rel=\"noreferrer noopener\"><img loading=\"lazy\" width=\"1024\" height=\"640\" class=\"wp-image-5678\" src=\"http:\/\/www.revue-recherches.fr\/wp-content\/uploads\/2019\/01\/hiver-2015-1-1024x640.jpg\" alt=\"\" srcset=\"https:\/\/www.revue-recherches.fr\/wp-content\/uploads\/2019\/01\/hiver-2015-1-1024x640.jpg 1024w, https:\/\/www.revue-recherches.fr\/wp-content\/uploads\/2019\/01\/hiver-2015-1-300x188.jpg 300w, https:\/\/www.revue-recherches.fr\/wp-content\/uploads\/2019\/01\/hiver-2015-1-1320x825.jpg 1320w\" sizes=\"(max-width: 1024px) 100vw, 1024px\" \/><\/a><\/figure>\r\n\r\n\r\n\r\n<h2><a href=\"http:\/\/www.revue-recherches.fr\/?p=1812\" target=\"_blank\" rel=\"noopener noreferrer\">Printemps-\u00e9t\u00e9 2015<\/a><\/h2>\r\n\r\n\r\n\r\n<figure class=\"wp-block-image\"><a href=\"http:\/\/www.revue-recherches.fr\/?p=1812\" target=\"_blank\" rel=\"noreferrer noopener\"><img loading=\"lazy\" width=\"1024\" height=\"768\" class=\"wp-image-5682\" src=\"http:\/\/www.revue-recherches.fr\/wp-content\/uploads\/2019\/01\/printemps-2015-1024x768.jpg\" alt=\"\" srcset=\"https:\/\/www.revue-recherches.fr\/wp-content\/uploads\/2019\/01\/printemps-2015-1024x768.jpg 1024w, https:\/\/www.revue-recherches.fr\/wp-content\/uploads\/2019\/01\/printemps-2015-300x225.jpg 300w, https:\/\/www.revue-recherches.fr\/wp-content\/uploads\/2019\/01\/printemps-2015-1320x990.jpg 1320w\" sizes=\"(max-width: 1024px) 100vw, 1024px\" \/><\/a><\/figure>\r\n\r\n\r\n\r\n<h2><style>.dysaidehighlight{background-color:#ffce71 !important;color:#f51616 !important}<\/style> <style>@font-face {font-family: \"Open Dyslexic\";font-weight: bold;font-style: italic, oblique;src: url(\"moz-extension:\/\/baa59b9a-8533-4891-8810-27efdaf6192e\/fonts\/OpenDyslexic-BoldItalic.otf\");}@font-face {font-family: \"Open Dyslexic\";font-style: italic, oblique;src: url(\"moz-extension:\/\/baa59b9a-8533-4891-8810-27efdaf6192e\/fonts\/OpenDyslexic-Italic.otf\");}@font-face {font-family: \"Open Dyslexic\";font-weight: bold;src: url(\"moz-extension:\/\/baa59b9a-8533-4891-8810-27efdaf6192e\/fonts\/OpenDyslexic-Bold.otf\");}@font-face {font-family: \"Open Dyslexic\";src: url(\"moz-extension:\/\/baa59b9a-8533-4891-8810-27efdaf6192e\/fonts\/OpenDyslexic-Regular.otf\");}@font-face {font-family: \"Andika New Basic\";font-weight: bold;font-style: italic, oblique;src: url(\"moz-extension:\/\/baa59b9a-8533-4891-8810-27efdaf6192e\/fonts\/AndikaNewBasic-BI.ttf\");}@font-face {font-family: \"Andika New Basic\";font-weight: bold;src: url(\"moz-extension:\/\/baa59b9a-8533-4891-8810-27efdaf6192e\/fonts\/AndikaNewBasic-B.ttf\");}@font-face {font-family: \"Andika New Basic\";font-style: italic, oblique;src: url(\"moz-extension:\/\/baa59b9a-8533-4891-8810-27efdaf6192e\/fonts\/AndikaNewBasic-I.ttf\");}@font-face {font-family: \"Andika New Basic\";src: url(\"moz-extension:\/\/baa59b9a-8533-4891-8810-27efdaf6192e\/fonts\/AndikaNewBasic-R.ttf\");}@font-face {font-family: \"Lexie Readable\";font-weight: bold;src: url(\"moz-extension:\/\/baa59b9a-8533-4891-8810-27efdaf6192e\/fonts\/LexieReadable-Bold.ttf\");}@font-face {font-family: \"Lexie Readable\";src: url(\"moz-extension:\/\/baa59b9a-8533-4891-8810-27efdaf6192e\/fonts\/LexieReadable-Regular.ttf\");}.dysaide-gene{font-family:\"Lexie Readable\"  !important;letter-spacing:0.2em !important;word-spacing:0.7em !important;line-height:2 !important}.dysaide-phon-I0 span,.dysaide-phon-I1 span,.dysaide-phon-I2 span,.dysaide-phon-I3 span{display:none}.dysaide-phon-I0::after{content:\"\u00b7\"}.dysaide-phon-I1::after{content:\"\"}.dysaide-phon-I2::after{content:\"\u00b7\"}.dysaide-phon-I3::after{content:\"\u00b7\"}<\/style><\/h2>\r\n","protected":false},"excerpt":{"rendered":"<p>2024 2023 2021 2020 Hiver 2019-2020 Printemps-\u00e9t\u00e9 2019 Hiver 2018-2019 Printemps-\u00e9t\u00e9 2018 Automne-Hiver 2017 Printemps-\u00e9t\u00e9 2017 Automne-Hiver 2016 Printemps-\u00e9t\u00e9 2016 Automne-hiver 2015 Printemps-\u00e9t\u00e9 2015<\/p>\n","protected":false},"author":3,"featured_media":0,"parent":0,"menu_order":0,"comment_status":"closed","ping_status":"closed","template":"","meta":[],"_links":{"self":[{"href":"https:\/\/www.revue-recherches.fr\/index.php?rest_route=\/wp\/v2\/pages\/3546"}],"collection":[{"href":"https:\/\/www.revue-recherches.fr\/index.php?rest_route=\/wp\/v2\/pages"}],"about":[{"href":"https:\/\/www.revue-recherches.fr\/index.php?rest_route=\/wp\/v2\/types\/page"}],"author":[{"embeddable":true,"href":"https:\/\/www.revue-recherches.fr\/index.php?rest_route=\/wp\/v2\/users\/3"}],"replies":[{"embeddable":true,"href":"https:\/\/www.revue-recherches.fr\/index.php?rest_route=%2Fwp%2Fv2%2Fcomments&post=3546"}],"version-history":[{"count":57,"href":"https:\/\/www.revue-recherches.fr\/index.php?rest_route=\/wp\/v2\/pages\/3546\/revisions"}],"predecessor-version":[{"id":8970,"href":"https:\/\/www.revue-recherches.fr\/index.php?rest_route=\/wp\/v2\/pages\/3546\/revisions\/8970"}],"wp:attachment":[{"href":"https:\/\/www.revue-recherches.fr\/index.php?rest_route=%2Fwp%2Fv2%2Fmedia&parent=3546"}],"curies":[{"name":"wp","href":"https:\/\/api.w.org\/{rel}","templated":true}]}}