{"id":2858,"date":"2016-12-25T17:22:02","date_gmt":"2016-12-25T16:22:02","guid":{"rendered":"http:\/\/www.revue-recherches.fr\/?page_id=2858"},"modified":"2021-06-05T19:04:30","modified_gmt":"2021-06-05T17:04:30","slug":"se-procurer-la-revue","status":"publish","type":"page","link":"https:\/\/www.revue-recherches.fr\/?page_id=2858","title":{"rendered":"Se procurer la revue"},"content":{"rendered":"<ul>\n<li class=\"Cartable\">Vous d\u00e9sirez vous abonner ? Rendez-vous <a href=\"http:\/\/www.revue-recherches.fr\/?page_id=5764\" target=\"_blank\" rel=\"noopener noreferrer\">ICI<\/a>.<\/li>\n<li class=\"Cartable\">Vous voulez acheter un num\u00e9ro en particulier ? Rendez-vous <span style=\"text-transform: uppercase;\"><a href=\"http:\/\/www.revue-recherches.fr\/?page_id=788\" target=\"_blank\" rel=\"noopener noreferrer\">L\u00e0<\/a>.<\/span><\/li>\n<li class=\"Cartable\">Vous vous interrogez sur les conditions de vente ? Elles sont <a href=\"http:\/\/www.revue-recherches.fr\/?page_id=794\" target=\"_blank\" rel=\"noopener noreferrer\">ICI<\/a>.<\/li>\n<\/ul>\n<p>.<\/p>\n\n\n<p><\/p>\n","protected":false},"excerpt":{"rendered":"<p>Vous d\u00e9sirez vous abonner ? Rendez-vous ICI. Vous voulez acheter un num\u00e9ro en particulier ? Rendez-vous L\u00e0. Vous vous interrogez sur les conditions de vente ? Elles sont ICI. .<\/p>\n","protected":false},"author":2,"featured_media":0,"parent":0,"menu_order":0,"comment_status":"closed","ping_status":"closed","template":"","meta":[],"_links":{"self":[{"href":"https:\/\/www.revue-recherches.fr\/index.php?rest_route=\/wp\/v2\/pages\/2858"}],"collection":[{"href":"https:\/\/www.revue-recherches.fr\/index.php?rest_route=\/wp\/v2\/pages"}],"about":[{"href":"https:\/\/www.revue-recherches.fr\/index.php?rest_route=\/wp\/v2\/types\/page"}],"author":[{"embeddable":true,"href":"https:\/\/www.revue-recherches.fr\/index.php?rest_route=\/wp\/v2\/users\/2"}],"replies":[{"embeddable":true,"href":"https:\/\/www.revue-recherches.fr\/index.php?rest_route=%2Fwp%2Fv2%2Fcomments&post=2858"}],"version-history":[{"count":7,"href":"https:\/\/www.revue-recherches.fr\/index.php?rest_route=\/wp\/v2\/pages\/2858\/revisions"}],"predecessor-version":[{"id":7675,"href":"https:\/\/www.revue-recherches.fr\/index.php?rest_route=\/wp\/v2\/pages\/2858\/revisions\/7675"}],"wp:attachment":[{"href":"https:\/\/www.revue-recherches.fr\/index.php?rest_route=%2Fwp%2Fv2%2Fmedia&parent=2858"}],"curies":[{"name":"wp","href":"https:\/\/api.w.org\/{rel}","templated":true}]}}