{"id":2851,"date":"2016-12-22T14:02:30","date_gmt":"2016-12-22T13:02:30","guid":{"rendered":"http:\/\/www.revue-recherches.fr\/?page_id=2851"},"modified":"2018-10-08T13:15:04","modified_gmt":"2018-10-08T11:15:04","slug":"tous-nos-numeros-2","status":"publish","type":"page","link":"https:\/\/www.revue-recherches.fr\/?page_id=2851","title":{"rendered":"Tous nos num\u00e9ros"},"content":{"rendered":"<ul class=\"lcp_catlist\" id=\"lcp_instance_0\"><li><a href=\"https:\/\/www.revue-recherches.fr\/?p=3035\">N\u00b0 01 &#8211;  LIRE \/ NE PAS LIRE<\/a><\/li><li><a href=\"https:\/\/www.revue-recherches.fr\/?p=3040\">N\u00b0 02 &#8211; FRAN\u00c7AIS BIEN COMMUN<\/a><\/li><li><a href=\"https:\/\/www.revue-recherches.fr\/?p=3046\">N\u00b0 03 &#8211; LIRE\/\u00c9CRIRE EN PROJETS<\/a><\/li><li><a href=\"https:\/\/www.revue-recherches.fr\/?p=3052\">N\u00b0 04 &#8211; LIRE\/\u00c9CRIRE (suite)<\/a><\/li><li><a href=\"https:\/\/www.revue-recherches.fr\/?p=3061\">N\u00b0 05 &#8211; TECHNIQUE ! TECHNOLOGIE\u00a0! TECHNOCRATIE\u00a0!<\/a><\/li><li><a href=\"https:\/\/www.revue-recherches.fr\/?p=3067\">N\u00b0 06 &#8211; \u00c9VALUER<\/a><\/li><li><a href=\"https:\/\/www.revue-recherches.fr\/?p=3074\">N\u00b0 07 &#8211; QUAND LA LITT\u00c9RATURE DE JEUNESSE ENTRE EN CLASSE<\/a><\/li><li><a href=\"https:\/\/www.revue-recherches.fr\/?p=3084\">N\u00b0 08 &#8211; R\u00c9CIT<\/a><\/li><li><a href=\"https:\/\/www.revue-recherches.fr\/?p=3088\">N\u00b0 09 &#8211; ARGUMENTER<\/a><\/li><li><a href=\"https:\/\/www.revue-recherches.fr\/?p=3095\">N\u00b0 10 &#8211; APPRENTISSAGES ET ST\u00c9R\u00c9OTYPES<\/a><\/li><li><a href=\"https:\/\/www.revue-recherches.fr\/?p=3100\">N\u00b0 11 &#8211; DU BROUILLON AU TEXTE<\/a><\/li><li><a href=\"https:\/\/www.revue-recherches.fr\/?p=3104\">N\u00b0 12 &#8211; GENRES ?<\/a><\/li><li><a href=\"https:\/\/www.revue-recherches.fr\/?p=3113\">N\u00b0 13 &#8211; EXPLIQUER<\/a><\/li><li><a href=\"https:\/\/www.revue-recherches.fr\/?p=3121\">N\u00b0 14 &#8211; SITUATIONS D&rsquo;ARGUMENTATION<\/a><\/li><li><a href=\"https:\/\/www.revue-recherches.fr\/?p=3145\">N\u00b0 15 &#8211; ORTHOGRAPHE-GRAMMAIRE<\/a><\/li><li><a href=\"https:\/\/www.revue-recherches.fr\/?p=3152\">N\u00b0 16 &#8211; APPRENDRE LA LITT\u00c9RATURE ?<\/a><\/li><li><a href=\"https:\/\/www.revue-recherches.fr\/?p=3156\">N\u00b0 17 &#8211; LE MAL DE LIRE : RAT\u00c9S D&rsquo;APPRENTISSAGES<\/a><\/li><li><a href=\"https:\/\/www.revue-recherches.fr\/?p=3159\">N\u00b0 18 &#8211; L&rsquo;\u00c9L\u00c8VE, LA LITT\u00c9RATURE<\/a><\/li><li><a href=\"https:\/\/www.revue-recherches.fr\/?p=3161\">N\u00b0 19 &#8211; COMPRENDRE<\/a><\/li><li><a href=\"https:\/\/www.revue-recherches.fr\/?p=3166\">N\u00b0 20 &#8211; ENSEIGNEMENT ET COH\u00c9RENCE<\/a><\/li><li><a href=\"https:\/\/www.revue-recherches.fr\/?p=3170\">N\u00b0 21 &#8211; PRATIQUES D&rsquo;\u00c9VALUATION<\/a><\/li><li><a href=\"https:\/\/www.revue-recherches.fr\/?p=3177\">N\u00b0 22 &#8211; PARLER<\/a><\/li><li><a href=\"https:\/\/www.revue-recherches.fr\/?p=3182\">N\u00b0 23 &#8211; \u00c9CRIRE D&rsquo;ABORD<\/a><\/li><li><a href=\"https:\/\/www.revue-recherches.fr\/?p=3186\">N\u00b0 24 &#8211; FABRIQUER DES EXERCICES<\/a><\/li><li><a href=\"https:\/\/www.revue-recherches.fr\/?p=3190\">N\u00b0 25 &#8211; LECTURE<\/a><\/li><li><a href=\"https:\/\/www.revue-recherches.fr\/?p=3197\">N\u00b0 26 &#8211; LANGUE<\/a><\/li><li><a href=\"https:\/\/www.revue-recherches.fr\/?p=2959\">N\u00b0 27 &#8211; DISPOSITIFS D&rsquo;APPRENTISSAGE<\/a><\/li><li><a href=\"https:\/\/www.revue-recherches.fr\/?p=3201\">N\u00b0 28-29 &#8211; FICTION<\/a><\/li><li><a href=\"https:\/\/www.revue-recherches.fr\/?p=3205\">N\u00b0 30 &#8211; PARLER DES TEXTES<\/a><\/li><li><a href=\"https:\/\/www.revue-recherches.fr\/?p=3216\">N\u00b0 31 &#8211; VIOLENCES CULTURELLES<\/a><\/li><li><a href=\"https:\/\/www.revue-recherches.fr\/?p=3220\">N\u00b0 32 &#8211; LITT\u00c9RATURE DE JEUNESSE<\/a><\/li><li><a href=\"https:\/\/www.revue-recherches.fr\/?p=3224\">N\u00b0 33 &#8211; ORAL<\/a><\/li><li><a href=\"https:\/\/www.revue-recherches.fr\/?p=3226\">N\u00b0 34 &#8211; IMAGES<\/a><\/li><li><a href=\"https:\/\/www.revue-recherches.fr\/?p=3228\">n\u00b0 35 &#8211; H\u00c9T\u00c9ROG\u00c9N\u00c9IT\u00c9<\/a><\/li><li><a href=\"https:\/\/www.revue-recherches.fr\/?p=3230\">N\u00b0 36 &#8211; DIFFICULT\u00c9S DE LECTEURS<\/a><\/li><li><a href=\"https:\/\/www.revue-recherches.fr\/?p=3236\">N\u00b0 37 &#8211; FRAN\u00c7AIS ET INTERDISCIPLINARIT\u00c9<\/a><\/li><li><a href=\"https:\/\/www.revue-recherches.fr\/?p=3238\">N\u00b0 38 &#8211; \u00c9VALUATIONS ET EXAMENS<\/a><\/li><li><a href=\"https:\/\/www.revue-recherches.fr\/?p=3244\">N\u00b0 39 &#8211; \u00c9CRITURE D&rsquo;INVENTION<\/a><\/li><li><a href=\"https:\/\/www.revue-recherches.fr\/?p=3249\">N\u00b0 40 &#8211; INNOVER<\/a><\/li><li><a href=\"https:\/\/www.revue-recherches.fr\/?p=3257\">N\u00b0 41 &#8211; TRACES<\/a><\/li><li><a href=\"https:\/\/www.revue-recherches.fr\/?p=3259\">N\u00b0 42 &#8211; CLASSER<\/a><\/li><li><a href=\"https:\/\/www.revue-recherches.fr\/?p=3263\">N\u00b0 43 &#8211; ENJEUX DE L&rsquo;ENSEIGNEMENT DU FRAN\u00c7AIS<\/a><\/li><li><a href=\"https:\/\/www.revue-recherches.fr\/?p=3265\">N\u00b0 44 &#8211; L&rsquo;ORDINATEUR EN FRAN\u00c7AIS<\/a><\/li><li><a href=\"https:\/\/www.revue-recherches.fr\/?p=3267\">N\u00b0 45 &#8211; \u00c9CRITURES DE SOI<\/a><\/li><li><a href=\"https:\/\/www.revue-recherches.fr\/?p=3270\">N\u00b0 46 &#8211; LITT\u00c9RATURE<\/a><\/li><li><a href=\"https:\/\/www.revue-recherches.fr\/?p=3279\">N\u00b0 47 &#8211; ENSEIGNER LE FRAN\u00c7AIS : UN M\u00c9TIER<\/a><\/li><li><a href=\"https:\/\/www.revue-recherches.fr\/?p=3281\">N\u00b0 48 &#8211; L&rsquo;ENSEIGNEMENT DE LA LANGUE<\/a><\/li><li><a href=\"https:\/\/www.revue-recherches.fr\/?p=3283\">N\u00b0 49 &#8211; TROUBLES DU LANGAGE ET APPRENTISSAGES<\/a><\/li><li><a href=\"https:\/\/www.revue-recherches.fr\/?p=3285\">N\u00b0 50 &#8211; D&rsquo;UNE CLASSE \u00c0 L&rsquo;AUTRE<\/a><\/li><li><a href=\"https:\/\/www.revue-recherches.fr\/?p=3028\">N\u00b0 51 &#8211; LE CIN\u00c9MA EN CLASSE DE FRAN\u00c7AIS<\/a><\/li><li><a href=\"https:\/\/www.revue-recherches.fr\/?p=3018\">N\u00b0 52 &#8211; PROGRAMMES, PROGRAMMATIONS<\/a><\/li><li><a href=\"https:\/\/www.revue-recherches.fr\/?p=3012\">N\u00b0 53 &#8211; LEXIQUE VOCABULAIRE<\/a><\/li><li><a href=\"https:\/\/www.revue-recherches.fr\/?p=3008\">N\u00b0 54 &#8211; ORAL, \u00c9CRIT<\/a><\/li><li><a href=\"https:\/\/www.revue-recherches.fr\/?p=3001\">N\u00b0 55 &#8211; BROUILLONS<\/a><\/li><li><a href=\"https:\/\/www.revue-recherches.fr\/?p=2989\">N\u00b0 56 &#8211; LES DISCOURS EN CLASSE DE FRAN\u00c7AIS<\/a><\/li><li><a href=\"https:\/\/www.revue-recherches.fr\/?p=2985\">N\u00b0 57 &#8211; L&rsquo;EXTRASCOLAIRE \u00c0 L&rsquo;\u00c9COLE<\/a><\/li><li><a href=\"https:\/\/www.revue-recherches.fr\/?p=2979\">N\u00b0 58 &#8211; LIRE ET COMPRENDRE<\/a><\/li><li><a href=\"https:\/\/www.revue-recherches.fr\/?p=2954\">N\u00b0 59 &#8211; R\u00c9CITS<\/a><\/li><li><a href=\"https:\/\/www.revue-recherches.fr\/?p=2950\">N\u00b0 60 &#8211; OUTILS<\/a><\/li><li><a href=\"https:\/\/www.revue-recherches.fr\/?p=2922\">N\u00b0 61 &#8211; \u00c9CRIRE<\/a><\/li><li><a href=\"https:\/\/www.revue-recherches.fr\/?p=2919\">N\u00b0 62 &#8211; REFORMULER<\/a><\/li><li><a href=\"https:\/\/www.revue-recherches.fr\/?p=2981\">N\u00b0 63 &#8211; L&rsquo;\u00c9VALUATION<\/a><\/li><li><a href=\"https:\/\/www.revue-recherches.fr\/?p=2735\">N\u00b0 64 &#8211; AIDER<\/a><\/li><li><a href=\"https:\/\/www.revue-recherches.fr\/?p=2820\">N\u00b0 65 &#8211; GENRES SCOLAIRES<\/a><\/li><li><a href=\"https:\/\/www.revue-recherches.fr\/?p=3559\">N\u00b0 66 &#8211; BRICOLER, INVENTER, RECYCLER<\/a><\/li><li><a href=\"https:\/\/www.revue-recherches.fr\/?p=3614\">N\u00b0\u00a067 &#8211; INTERDISCIPLINARIT\u00c9S<\/a><\/li><li><a href=\"https:\/\/www.revue-recherches.fr\/?p=5065\">N\u00b0\u00a068 &#8211; L&rsquo;ORAL EN PRATIQUES<\/a><\/li><li><a href=\"https:\/\/www.revue-recherches.fr\/?p=7717\">N\u00b0\u00a069 &#8211; USAGES DU NUM\u00c9RIQUE<\/a><\/li><li><a href=\"https:\/\/www.revue-recherches.fr\/?p=5797\">N\u00b0\u00a070 &#8211; CONNIVENCES<\/a><\/li><li><a href=\"https:\/\/www.revue-recherches.fr\/?p=6168\">N\u00b0\u00a071 &#8211; DIFF\u00c9RENCIER<\/a><\/li><li><a href=\"https:\/\/www.revue-recherches.fr\/?p=6608\">N\u00b0\u00a072 &#8211; FICTION ET R\u00c9EL<\/a><\/li><li><a href=\"https:\/\/www.revue-recherches.fr\/?p=7221\">N\u00b0\u00a073 &#8211; LES GENRES DE L&rsquo;ORAL<\/a><\/li><li><a href=\"https:\/\/www.revue-recherches.fr\/?p=7659\">N\u00b0\u00a074 &#8211; APPRENDRE LA LANGUE<\/a><\/li><li><a href=\"https:\/\/www.revue-recherches.fr\/?p=7965\">N\u00b0\u00a075 &#8211; COPIER, EMPRUNTER, COLLER<\/a><\/li><li><a href=\"https:\/\/www.revue-recherches.fr\/?p=8061\">N\u00b0\u00a076 &#8211; EXPLICATION<\/a><\/li><li><a href=\"https:\/\/www.revue-recherches.fr\/?p=8307\">N\u00b0\u00a077 &#8211; CONTINUIT\u00c9S ET RUPTURES DU PRIMAIRE AU SUP\u00c9RIEUR<\/a><\/li><li><a href=\"https:\/\/www.revue-recherches.fr\/?p=8645\">N\u00b0\u00a078 &#8211; M\u00c9DIAS<\/a><\/li><li><a href=\"https:\/\/www.revue-recherches.fr\/?p=8829\">N\u00b0\u00a079 &#8211; ANNOTER<\/a><\/li><li><a href=\"https:\/\/www.revue-recherches.fr\/?p=8973\">N\u00b0\u00a080 &#8211; PRATIQUES DE LECTURE<\/a><\/li><li><a href=\"https:\/\/www.revue-recherches.fr\/?p=9084\">N\u00b0\u00a081 &#8211; RESSOURCES<\/a><\/li><li><a href=\"https:\/\/www.revue-recherches.fr\/?p=9205\">N\u00b0\u00a082 &#8211; LITTERATURES<\/a><\/li><li><a href=\"https:\/\/www.revue-recherches.fr\/?p=9307\">N\u00b0\u00a083 &#8211; ADAPTER<\/a><\/li><\/ul>\n","protected":false},"excerpt":{"rendered":"","protected":false},"author":2,"featured_media":0,"parent":0,"menu_order":0,"comment_status":"closed","ping_status":"closed","template":"","meta":[],"_links":{"self":[{"href":"https:\/\/www.revue-recherches.fr\/index.php?rest_route=\/wp\/v2\/pages\/2851"}],"collection":[{"href":"https:\/\/www.revue-recherches.fr\/index.php?rest_route=\/wp\/v2\/pages"}],"about":[{"href":"https:\/\/www.revue-recherches.fr\/index.php?rest_route=\/wp\/v2\/types\/page"}],"author":[{"embeddable":true,"href":"https:\/\/www.revue-recherches.fr\/index.php?rest_route=\/wp\/v2\/users\/2"}],"replies":[{"embeddable":true,"href":"https:\/\/www.revue-recherches.fr\/index.php?rest_route=%2Fwp%2Fv2%2Fcomments&post=2851"}],"version-history":[{"count":48,"href":"https:\/\/www.revue-recherches.fr\/index.php?rest_route=\/wp\/v2\/pages\/2851\/revisions"}],"predecessor-version":[{"id":5108,"href":"https:\/\/www.revue-recherches.fr\/index.php?rest_route=\/wp\/v2\/pages\/2851\/revisions\/5108"}],"wp:attachment":[{"href":"https:\/\/www.revue-recherches.fr\/index.php?rest_route=%2Fwp%2Fv2%2Fmedia&parent=2851"}],"curies":[{"name":"wp","href":"https:\/\/api.w.org\/{rel}","templated":true}]}}