{"id":2657,"date":"2016-08-24T18:19:55","date_gmt":"2016-08-24T16:19:55","guid":{"rendered":"http:\/\/www.revue-recherches.fr\/?page_id=2657"},"modified":"2025-12-22T12:30:27","modified_gmt":"2025-12-22T11:30:27","slug":"numeros-a-venir","status":"publish","type":"page","link":"https:\/\/www.revue-recherches.fr\/?page_id=2657","title":{"rendered":"Num\u00e9ros \u00e0 venir"},"content":{"rendered":"<p>\u2666 Juin 2026 &#8211; n\u00b0 84, Penser la langue<\/p>\r\n<p>\u2666 D\u00e9cembre 2026 &#8211; n\u00b0 85, Raconter<\/p>\r\n<p>\u2666 Juin 2027 &#8211; n\u00b0 86, \u00c9crire encore\u00a0<\/p>\r\n<p>\u2666 D\u00e9cembre 2027 &#8211; n\u00b0 87, Po\u00e9sie<\/p>\r\n<p>Voir l&rsquo;<a href=\"https:\/\/www.revue-recherches.fr\/?page_id=7878\" target=\"_blank\" rel=\"noopener\">appel \u00e0 contribution<\/a> pour les num\u00e9ros 86 et 87.<\/p>\r\n<p>&nbsp;<\/p>\r\n\r\n<p>&nbsp;<\/p>\r\n","protected":false},"excerpt":{"rendered":"<p>\u2666 Juin 2026 &#8211; n\u00b0 84, Penser la langue \u2666 D\u00e9cembre 2026 &#8211; n\u00b0 85, Raconter \u2666 Juin 2027 &#8211; n\u00b0 86, \u00c9crire encore\u00a0 \u2666 D\u00e9cembre 2027 &#8211; n\u00b0 87, Po\u00e9sie Voir l&rsquo;appel \u00e0 contribution pour les num\u00e9ros 86 et 87. &nbsp; &nbsp;<\/p>\n","protected":false},"author":2,"featured_media":0,"parent":0,"menu_order":0,"comment_status":"closed","ping_status":"closed","template":"","meta":[],"_links":{"self":[{"href":"https:\/\/www.revue-recherches.fr\/index.php?rest_route=\/wp\/v2\/pages\/2657"}],"collection":[{"href":"https:\/\/www.revue-recherches.fr\/index.php?rest_route=\/wp\/v2\/pages"}],"about":[{"href":"https:\/\/www.revue-recherches.fr\/index.php?rest_route=\/wp\/v2\/types\/page"}],"author":[{"embeddable":true,"href":"https:\/\/www.revue-recherches.fr\/index.php?rest_route=\/wp\/v2\/users\/2"}],"replies":[{"embeddable":true,"href":"https:\/\/www.revue-recherches.fr\/index.php?rest_route=%2Fwp%2Fv2%2Fcomments&post=2657"}],"version-history":[{"count":29,"href":"https:\/\/www.revue-recherches.fr\/index.php?rest_route=\/wp\/v2\/pages\/2657\/revisions"}],"predecessor-version":[{"id":9337,"href":"https:\/\/www.revue-recherches.fr\/index.php?rest_route=\/wp\/v2\/pages\/2657\/revisions\/9337"}],"wp:attachment":[{"href":"https:\/\/www.revue-recherches.fr\/index.php?rest_route=%2Fwp%2Fv2%2Fmedia&parent=2657"}],"curies":[{"name":"wp","href":"https:\/\/api.w.org\/{rel}","templated":true}]}}