{"id":2043,"date":"2015-09-28T12:03:08","date_gmt":"2015-09-28T10:03:08","guid":{"rendered":"http:\/\/www.revue-recherches.fr\/?page_id=2043"},"modified":"2025-12-22T12:44:24","modified_gmt":"2025-12-22T11:44:24","slug":"le-com-redac","status":"publish","type":"page","link":"https:\/\/www.revue-recherches.fr\/?page_id=2043","title":{"rendered":"Le comit\u00e9 de r\u00e9daction"},"content":{"rendered":"<p><img loading=\"lazy\" class=\"wp-image-6667 alignleft\" src=\"http:\/\/www.revue-recherches.fr\/wp-content\/uploads\/2020\/06\/avatar-Fabienne-Bureau.jpg\" alt=\"\" width=\"60\" height=\"60\" srcset=\"https:\/\/www.revue-recherches.fr\/wp-content\/uploads\/2020\/06\/avatar-Fabienne-Bureau.jpg 300w, https:\/\/www.revue-recherches.fr\/wp-content\/uploads\/2020\/06\/avatar-Fabienne-Bureau-150x150.jpg 150w\" sizes=\"(max-width: 60px) 100vw, 60px\" \/><a href=\"https:\/\/www.revue-recherches.fr\/?s=bureau\">Fabienne Bureau<\/a><\/p>\r\n<p>AFG Centre Alissa, Aubry-du-Hainaut<\/p>\r\n<hr \/>\r\n<p><img loading=\"lazy\" class=\"size-full wp-image-6681 alignleft\" src=\"http:\/\/www.revue-recherches.fr\/wp-content\/uploads\/2020\/06\/Delcambre-N-et-B-60x60-1.jpg\" alt=\"\" width=\"60\" height=\"60\" \/><a href=\"https:\/\/www.revue-recherches.fr\/?s=delcambre\">Isabelle Delcambre<\/a><\/p>\r\n<p>Universit\u00e9 de Lille<\/p>\r\n<hr \/>\r\n<p><a href=\"https:\/\/www.revue-recherches.fr\/?p=3993\" target=\"_blank\" rel=\"noopener\">Nathalie Denizot<\/a><a href=\"http:\/\/www.revue-recherches.fr\/?s=denizot\" target=\"_blank\" rel=\"noopener noreferrer\"><img loading=\"lazy\" class=\"alignleft wp-image-2062 size-full\" src=\"http:\/\/www.revue-recherches.fr\/wp-content\/uploads\/2015\/10\/avatar_ND.jpg\" alt=\"\" width=\"60\" height=\"60\" \/><\/a><\/p>\r\n<p>\u00a0Sorbonne Universit\u00e9, INSP\u00c9 de Paris \/ <a href=\"https:\/\/www.inspe-paris.fr\/chercheur\/denizot\" target=\"_blank\" rel=\"noopener noreferrer\">Site professionnel<\/a><\/p>\r\n<hr \/>\r\n<p><img loading=\"lazy\" class=\"alignleft wp-image-8764\" src=\"https:\/\/www.revue-recherches.fr\/wp-content\/uploads\/2023\/08\/photo-identite-2-1-300x316.jpg\" alt=\"\" width=\"57\" height=\"60\" srcset=\"https:\/\/www.revue-recherches.fr\/wp-content\/uploads\/2023\/08\/photo-identite-2-1-300x316.jpg 300w, https:\/\/www.revue-recherches.fr\/wp-content\/uploads\/2023\/08\/photo-identite-2-1-1024x1080.jpg 1024w, https:\/\/www.revue-recherches.fr\/wp-content\/uploads\/2023\/08\/photo-identite-2-1-1457x1536.jpg 1457w, https:\/\/www.revue-recherches.fr\/wp-content\/uploads\/2023\/08\/photo-identite-2-1.jpg 1727w\" sizes=\"(max-width: 57px) 100vw, 57px\" \/><a href=\"https:\/\/www.revue-recherches.fr\/?s=dziombowski\">Sophie Dziombowski<\/a><\/p>\r\n<p>Lyc\u00e9e Charlotte Perriand, Genech<\/p>\r\n<hr \/>\r\n<p style=\"text-align: left;\"><a href=\"https:\/\/www.revue-recherches.fr\/?p=9005\" target=\"_blank\" rel=\"noopener\">\u00a0 \u00a0\u00a0 \u00a0 <\/a><a href=\"https:\/\/www.revue-recherches.fr\/?p=8000\" target=\"_blank\" rel=\"noopener\">Mait\u00e9 Eug\u00e8ne\u00a0<\/a><\/p>\r\n<div id=\"meta-origin\" data-coolorigin=\"https%3A%2F%2Fshared-1-9024.office.frama.space%2Fcool%2Fclipboard%3FWOPISrc%3Dhttps%253A%252F%252Frevuerecherches.frama.space%252Findex.php%252Fapps%252Frichdocuments%252Fwopi%252Ffiles%252F4512_oc3t7jlgooqi%26ServerId%3D5a34bda4%26ViewId%3D4%26Tag%3D3752f320979047f3\">\r\n<p class=\"western\" align=\"left\"><a href=\"https:\/\/www.revue-recherches.fr\/?p=9005\" target=\"_blank\" rel=\"noopener\">\u00a0 \u00a0\u00a0 \u00a0 <\/a>Universit\u00e9 de Lille<\/p>\r\n<\/div>\r\n<hr \/>\r\n<p><img loading=\"lazy\" class=\"wp-image-6669 alignleft\" src=\"http:\/\/www.revue-recherches.fr\/wp-content\/uploads\/2020\/06\/avatar-malik.jpg\" alt=\"\" width=\"60\" height=\"66\" \/><a href=\"https:\/\/www.revue-recherches.fr\/?s=habi\">Malik Habi<\/a><\/p>\r\n<p>Universit\u00e9 de Lille. UFR Arts et culture\/LEA<\/p>\r\n<hr \/>\r\n<p><img loading=\"lazy\" class=\"wp-image-6668 size-full alignleft\" src=\"http:\/\/www.revue-recherches.fr\/wp-content\/uploads\/2020\/06\/avatar-Patrice-NetB-60.jpg\" alt=\"\" width=\"60\" height=\"60\" \/><a href=\"https:\/\/www.revue-recherches.fr\/?s=heems\">Patrice Heems<\/a><\/p>\r\n<p>\u00c9cole Pierre et Marie Curie, Fresnes-sur-Escaut<\/p>\r\n<hr \/>\r\n<p><a href=\"https:\/\/www.revue-recherches.fr\/?p=7708\">H\u00e9l\u00e8ne Le Levier Boilley<img loading=\"lazy\" class=\"wp-image-7871  alignleft\" src=\"https:\/\/www.revue-recherches.fr\/wp-content\/uploads\/2021\/08\/Helene.jpg\" alt=\"\" width=\"64\" height=\"64\" \/><\/a><\/p>\r\n<p>Universit\u00e9 de Strasbourg, INSP\u00c9 de Strasbourg<\/p>\r\n<hr \/>\r\n<p><a href=\"https:\/\/www.revue-recherches.fr\/?s=mercier\">Catherine Mercier <\/a><a href=\"http:\/\/www.revue-recherches.fr\/?s=mercier\"><img loading=\"lazy\" class=\"wp-image-6666 alignleft\" src=\"http:\/\/www.revue-recherches.fr\/wp-content\/uploads\/2020\/06\/avatar-Catherine-300x311.jpg\" alt=\"\" width=\"60\" height=\"62\" srcset=\"https:\/\/www.revue-recherches.fr\/wp-content\/uploads\/2020\/06\/avatar-Catherine-300x311.jpg 300w, https:\/\/www.revue-recherches.fr\/wp-content\/uploads\/2020\/06\/avatar-Catherine.jpg 304w\" sizes=\"(max-width: 60px) 100vw, 60px\" \/><\/a>\/ Directrice de publication<\/p>\r\n<p>Lyc\u00e9e M. Yourcenar, Beuvry<\/p>\r\n<hr \/>\r\n<p><img loading=\"lazy\" class=\"wp-image-6671 size-full alignleft\" src=\"http:\/\/www.revue-recherches.fr\/wp-content\/uploads\/2020\/06\/avatar-St\u00e9phanie-60.jpg\" alt=\"\" width=\"60\" height=\"60\" \/><a href=\"https:\/\/www.revue-recherches.fr\/?s=michieletto\">St\u00e9phanie Michieletto<\/a><\/p>\r\n<p>Coll\u00e8ge J. Jaur\u00e8s, Vieux-Cond\u00e9\u00a0 \u00a0\u00a0<\/p>\r\n<hr \/>\r\n<p style=\"text-align: left;\"><a href=\"https:\/\/www.revue-recherches.fr\/?p=9005\" target=\"_blank\" rel=\"noopener\">\u00a0 \u00a0\u00a0 \u00a0 Lucie P\u00e9ronne<\/a><\/p>\r\n<p>\u00a0\u00a0\u00a0\u00a0\u00a0\u00a0 Universit\u00e9 de Lille, Villeneuve d&rsquo;Ascq<\/p>\r\n<hr \/>\r\n<p><img loading=\"lazy\" class=\"wp-image-6664 size-full alignleft\" src=\"http:\/\/www.revue-recherches.fr\/wp-content\/uploads\/2020\/06\/avatar-S\u00e9verine-60.jpg\" alt=\"\" width=\"60\" height=\"60\" \/><a href=\"https:\/\/www.revue-recherches.fr\/?s=piot\">S\u00e9verine Piot<\/a><\/p>\r\n<p>\u00a0\u00c9cole Charles de Gaulle, Wasquehal<\/p>\r\n<hr \/>\r\n<p><img loading=\"lazy\" class=\"alignleft wp-image-6286\" src=\"http:\/\/www.revue-recherches.fr\/wp-content\/uploads\/2019\/12\/Corinne-nb-150x231.jpg\" alt=\"\" width=\"60\" height=\"64\" \/><a href=\"https:\/\/www.revue-recherches.fr\/?p=4801\" target=\"_blank\" rel=\"noopener noreferrer\">Corinne Souche<\/a> \/ Abonnements et ventes au num\u00e9ro<\/p>\r\n<p>Lyc\u00e9e Paul Duez, Cambrai<\/p>\r\n\r\n<p>&nbsp;<\/p>\r\n","protected":false},"excerpt":{"rendered":"<p>Fabienne Bureau AFG Centre Alissa, Aubry-du-Hainaut Isabelle Delcambre Universit\u00e9 de Lille Nathalie Denizot \u00a0Sorbonne Universit\u00e9, INSP\u00c9 de Paris \/ Site professionnel Sophie Dziombowski Lyc\u00e9e Charlotte Perriand, Genech \u00a0 \u00a0\u00a0 \u00a0 Mait\u00e9 Eug\u00e8ne\u00a0 \u00a0 \u00a0\u00a0 \u00a0 Universit\u00e9 de Lille Malik Habi Universit\u00e9 de Lille. UFR Arts et culture\/LEA Patrice Heems \u00c9cole Pierre et Marie Curie, Fresnes-sur-Escaut &hellip; <a href=\"https:\/\/www.revue-recherches.fr\/?page_id=2043\" class=\"more-link\">Continuer la lecture de <span class=\"screen-reader-text\">Le comit\u00e9 de r\u00e9daction<\/span> <span class=\"meta-nav\">&rarr;<\/span><\/a><\/p>\n","protected":false},"author":3,"featured_media":2396,"parent":0,"menu_order":0,"comment_status":"closed","ping_status":"closed","template":"","meta":[],"_links":{"self":[{"href":"https:\/\/www.revue-recherches.fr\/index.php?rest_route=\/wp\/v2\/pages\/2043"}],"collection":[{"href":"https:\/\/www.revue-recherches.fr\/index.php?rest_route=\/wp\/v2\/pages"}],"about":[{"href":"https:\/\/www.revue-recherches.fr\/index.php?rest_route=\/wp\/v2\/types\/page"}],"author":[{"embeddable":true,"href":"https:\/\/www.revue-recherches.fr\/index.php?rest_route=\/wp\/v2\/users\/3"}],"replies":[{"embeddable":true,"href":"https:\/\/www.revue-recherches.fr\/index.php?rest_route=%2Fwp%2Fv2%2Fcomments&post=2043"}],"version-history":[{"count":68,"href":"https:\/\/www.revue-recherches.fr\/index.php?rest_route=\/wp\/v2\/pages\/2043\/revisions"}],"predecessor-version":[{"id":9345,"href":"https:\/\/www.revue-recherches.fr\/index.php?rest_route=\/wp\/v2\/pages\/2043\/revisions\/9345"}],"wp:featuredmedia":[{"embeddable":true,"href":"https:\/\/www.revue-recherches.fr\/index.php?rest_route=\/wp\/v2\/media\/2396"}],"wp:attachment":[{"href":"https:\/\/www.revue-recherches.fr\/index.php?rest_route=%2Fwp%2Fv2%2Fmedia&parent=2043"}],"curies":[{"name":"wp","href":"https:\/\/api.w.org\/{rel}","templated":true}]}}