{"id":1795,"date":"2015-07-23T07:07:06","date_gmt":"2015-07-23T05:07:06","guid":{"rendered":"http:\/\/www.revue-recherches.fr\/?page_id=1795"},"modified":"2020-02-24T11:19:51","modified_gmt":"2020-02-24T10:19:51","slug":"des-nouvelles-du-livre-pour-la-jeunesse","status":"publish","type":"page","link":"https:\/\/www.revue-recherches.fr\/?page_id=1795","title":{"rendered":"Des nouvelles du livre pour la jeunesse"},"content":{"rendered":"<p style=\"text-align: justify;\">Du num\u00e9ro 8 (1988) au num\u00e9ro 69 (2018), \u00c9lizabeth Vlieghe a r\u00e9dig\u00e9 pour chaque num\u00e9ro une <a href=\"http:\/\/www.revue-recherches.fr\/?page_id=1808\" target=\"_blank\" rel=\"noopener noreferrer\">chronique du livre de la jeunesse<\/a>. Le but \u00e9tait de permettre aux enseignants de constituer des \u00ab r\u00e9seaux \u00bb de livres en puisant dans une s\u00e9lection d&rsquo;ouvrages qu&rsquo;elle avait lus et appr\u00e9ci\u00e9s. L&rsquo;\u00e9volution de l&rsquo;\u00e9dition pour la jeunesse a conduit \u00e0 compl\u00e9ter, sous forme d&rsquo;une chronique num\u00e9rique, <a href=\"http:\/\/www.revue-recherches.fr\/?page_id=1808\" target=\"_blank\" rel=\"noopener noreferrer\">les chroniques th\u00e9matiques<\/a> de chaque num\u00e9ro \u00ab papier \u00bb : c&rsquo;est ainsi qu&rsquo;est n\u00e9e en 2015 la rubrique des <a href=\"http:\/\/www.revue-recherches.fr\/?p=5570\" target=\"_blank\" rel=\"noopener noreferrer\">\u00ab Coups de c\u0153ur \u00bb<\/a> (avec ses <a href=\"http:\/\/www.revue-recherches.fr\/?page_id=3546\" target=\"_blank\" rel=\"noreferrer noopener\" aria-label=\"archives (s\u2019ouvre dans un nouvel onglet)\">archives<\/a>), centr\u00e9e sur les nouveaut\u00e9s dont certaines viennent enrichir les r\u00e9seaux ci-dessous.<\/p>\n<h3 style=\"text-align: justify;\"><\/h3>\n","protected":false},"excerpt":{"rendered":"<p>Du num\u00e9ro 8 (1988) au num\u00e9ro 69 (2018), \u00c9lizabeth Vlieghe a r\u00e9dig\u00e9 pour chaque num\u00e9ro une chronique du livre de la jeunesse. Le but \u00e9tait de permettre aux enseignants de constituer des \u00ab r\u00e9seaux \u00bb de livres en puisant dans une s\u00e9lection d&rsquo;ouvrages qu&rsquo;elle avait lus et appr\u00e9ci\u00e9s. L&rsquo;\u00e9volution de l&rsquo;\u00e9dition pour la jeunesse a &hellip; <a href=\"https:\/\/www.revue-recherches.fr\/?page_id=1795\" class=\"more-link\">Continuer la lecture de <span class=\"screen-reader-text\">Des nouvelles du livre pour la jeunesse<\/span> <span class=\"meta-nav\">&rarr;<\/span><\/a><\/p>\n","protected":false},"author":2,"featured_media":0,"parent":0,"menu_order":0,"comment_status":"closed","ping_status":"open","template":"","meta":[],"_links":{"self":[{"href":"https:\/\/www.revue-recherches.fr\/index.php?rest_route=\/wp\/v2\/pages\/1795"}],"collection":[{"href":"https:\/\/www.revue-recherches.fr\/index.php?rest_route=\/wp\/v2\/pages"}],"about":[{"href":"https:\/\/www.revue-recherches.fr\/index.php?rest_route=\/wp\/v2\/types\/page"}],"author":[{"embeddable":true,"href":"https:\/\/www.revue-recherches.fr\/index.php?rest_route=\/wp\/v2\/users\/2"}],"replies":[{"embeddable":true,"href":"https:\/\/www.revue-recherches.fr\/index.php?rest_route=%2Fwp%2Fv2%2Fcomments&post=1795"}],"version-history":[{"count":22,"href":"https:\/\/www.revue-recherches.fr\/index.php?rest_route=\/wp\/v2\/pages\/1795\/revisions"}],"predecessor-version":[{"id":6437,"href":"https:\/\/www.revue-recherches.fr\/index.php?rest_route=\/wp\/v2\/pages\/1795\/revisions\/6437"}],"wp:attachment":[{"href":"https:\/\/www.revue-recherches.fr\/index.php?rest_route=%2Fwp%2Fv2%2Fmedia&parent=1795"}],"curies":[{"name":"wp","href":"https:\/\/api.w.org\/{rel}","templated":true}]}}